{"id":912,"date":"2025-05-07T09:53:55","date_gmt":"2025-05-07T09:53:55","guid":{"rendered":"https:\/\/digitaleus.eu\/?page_id=912"},"modified":"2025-05-07T10:07:02","modified_gmt":"2025-05-07T10:07:02","slug":"elementor-912","status":"publish","type":"page","link":"https:\/\/digitaleus.eu\/?page_id=912","title":{"rendered":"EnergyCircle Interreg BSR project"},"content":{"rendered":"\t\t<div data-elementor-type=\"wp-page\" data-elementor-id=\"912\" class=\"elementor elementor-912\">\n\t\t\t\t\t\t<section class=\"elementor-section elementor-top-section elementor-element elementor-element-1ff63ed elementor-section-boxed elementor-section-height-default elementor-section-height-default\" data-id=\"1ff63ed\" data-element_type=\"section\" data-e-type=\"section\">\n\t\t\t\t\t\t<div class=\"elementor-container elementor-column-gap-default\">\n\t\t\t\t\t<div class=\"elementor-column elementor-col-100 elementor-top-column elementor-element elementor-element-fc0285e\" data-id=\"fc0285e\" data-element_type=\"column\" data-e-type=\"column\">\n\t\t\t<div class=\"elementor-widget-wrap elementor-element-populated\">\n\t\t\t\t\t\t<div class=\"elementor-element elementor-element-2ac2fe8 elementor-widget elementor-widget-text-editor\" data-id=\"2ac2fe8\" data-element_type=\"widget\" data-e-type=\"widget\" data-widget_type=\"text-editor.default\">\n\t\t\t\t<div class=\"elementor-widget-container\">\n\t\t\t\t\t\t\t\t\t<p>EnergyCircle is a project that meets the urgent need for long-term and sustainable energy planning in the Baltic Sea region.<\/p><p>The project was launched in response to the uncertain global situation in 2022 and high energy prices. It follows the EU\u2019s goal of becoming more independent of external energy, and wants to move from short-term solutions to long-term strategies \u2013 from \u201csprint to marathon\u201d.<\/p><p>EnergyCircle helps authorities, companies and other key stakeholders with tools and methods to plan and implement smart, sustainable energy solutions. Some key results are an analysis showing how ready different stakeholders are to drive the energy transition, and a method to show how sustainable energy plans can be developed.<\/p><p>The following main solutions and activities are implemented:<\/p><ol><li>The Methodology for EnergyCircle Builders Competence Analysis will support the target group in their evaluation of the coverage of the Competence Profile, and will deliver a Builder Competence Report with a proposal of actions.<\/li><li>The Methodology for EnergyCircle Roadmap is a solution designed to help business support centres and local administration in their process of promoting energy independency of the territory.<\/li><li>Testing and implementation of both solutions.<\/li><\/ol><p>Partners in the project come from Denmark, Estonia, Finland, Latvia, Lithuania, Poland, Sweden and Germany.<\/p><p>For more information, please, check\u00a0<a href=\"https:\/\/interreg-baltic.eu\/project\/energy-circle\/\">the project website<\/a><\/p><p>The project is partly funded by Interreg Baltic Sea Region.<\/p><p>Project implementation period<strong>:\u00a0<\/strong>March 2025 \u2013 February 2028<\/p><p>Project budget: EUR 2.99 mln<\/p><p>ERDF co-financing: EUR 2.39 mln<\/p><p style=\"font-size: 18px;\"><b>Lead Partner<\/b>: Business Development Council of Toender Municipality (DK)<\/p><p style=\"font-size: 18px;\"><b>Project Coordinator at <\/b>DIGITALEUS O\u00dc: Javier Ord\u00f3\u00f1ez \u2013\u00a0 <span lang=\"EN-GB\">mydigitaleus@gmail.com<\/span><\/p><p style=\"font-size: 18px;\"><b>Project partners<\/b>:\u00a0<\/p><p>Sustainable Business Hub (SE)<\/p><p>Tomelilla kommun (SE)<\/p><p>Business Fredericia (DK)<\/p><p>DIGITALEUS O\u00dc (EE)<\/p><p>Tartu Regional Energy Agency (EE)<\/p><p>Benet Solutions Ltd (FI)<\/p><p>Zemgale Planning Region (LT)<\/p><p>Lithuanian Innovation Centre (LT)<\/p><p>Birzai district municipality administration (LV)<\/p><p>Creativity Works Europe (PL)<\/p><p>Municipality of Kielce (PL)<\/p><p>Regional Development Agency in Bielsko-Bia\u0142a (PL)<\/p><p>RegioVision GmbH Schwerin (DE)<\/p><p>City of Fehmarn (DE)<\/p><p>+\u00a0 10 associated partners<\/p>\t\t\t\t\t\t\t\t<\/div>\n\t\t\t\t<\/div>\n\t\t\t\t\t<\/div>\n\t\t<\/div>\n\t\t\t\t\t<\/div>\n\t\t<\/section>\n\t\t\t\t<section class=\"elementor-section elementor-top-section elementor-element elementor-element-a617e4b elementor-section-boxed elementor-section-height-default elementor-section-height-default\" data-id=\"a617e4b\" data-element_type=\"section\" data-e-type=\"section\">\n\t\t\t\t\t\t<div class=\"elementor-container elementor-column-gap-default\">\n\t\t\t\t\t<div class=\"elementor-column elementor-col-100 elementor-top-column elementor-element elementor-element-a61e1a5\" data-id=\"a61e1a5\" data-element_type=\"column\" data-e-type=\"column\">\n\t\t\t<div class=\"elementor-widget-wrap elementor-element-populated\">\n\t\t\t\t\t\t<div class=\"elementor-element elementor-element-699732f elementor-widget elementor-widget-image\" data-id=\"699732f\" data-element_type=\"widget\" data-e-type=\"widget\" data-widget_type=\"image.default\">\n\t\t\t\t<div class=\"elementor-widget-container\">\n\t\t\t\t\t\t\t\t\t\t\t\t\t\t\t<img fetchpriority=\"high\" decoding=\"async\" width=\"640\" height=\"271\" src=\"https:\/\/digitaleus.eu\/wp-content\/uploads\/2025\/05\/Energy-Circle_Logo_Standard_large-1024x433.png\" class=\"attachment-large size-large wp-image-896\" alt=\"\" srcset=\"https:\/\/digitaleus.eu\/wp-content\/uploads\/2025\/05\/Energy-Circle_Logo_Standard_large-1024x433.png 1024w, https:\/\/digitaleus.eu\/wp-content\/uploads\/2025\/05\/Energy-Circle_Logo_Standard_large-300x127.png 300w, https:\/\/digitaleus.eu\/wp-content\/uploads\/2025\/05\/Energy-Circle_Logo_Standard_large-768x325.png 768w, https:\/\/digitaleus.eu\/wp-content\/uploads\/2025\/05\/Energy-Circle_Logo_Standard_large-1536x650.png 1536w, https:\/\/digitaleus.eu\/wp-content\/uploads\/2025\/05\/Energy-Circle_Logo_Standard_large.png 1830w\" sizes=\"(max-width: 640px) 100vw, 640px\" \/>\t\t\t\t\t\t\t\t\t\t\t\t\t\t\t<\/div>\n\t\t\t\t<\/div>\n\t\t\t\t\t<\/div>\n\t\t<\/div>\n\t\t\t\t\t<\/div>\n\t\t<\/section>\n\t\t\t\t<\/div>\n\t\t","protected":false},"excerpt":{"rendered":"<p>EnergyCircle is a project that meets the urgent need for long-term and sustainable energy planning in the Baltic Sea region. The project was launched in response to the uncertain global situation in 2022 and high energy prices. It follows the EU\u2019s goal of becoming more independent of external energy, and wants to move from short-term [&hellip;]<\/p>\n","protected":false},"author":1,"featured_media":918,"parent":0,"menu_order":0,"comment_status":"closed","ping_status":"closed","template":"","meta":{"footnotes":""},"class_list":["post-912","page","type-page","status-publish","has-post-thumbnail","hentry"],"yoast_head":"<!-- This site is optimized with the Yoast SEO plugin v27.5 - https:\/\/yoast.com\/product\/yoast-seo-wordpress\/ -->\n<title>EnergyCircle Interreg BSR project - Digitaleus<\/title>\n<meta name=\"robots\" content=\"index, follow, max-snippet:-1, max-image-preview:large, max-video-preview:-1\" \/>\n<link rel=\"canonical\" href=\"https:\/\/digitaleus.eu\/?page_id=912\" \/>\n<meta property=\"og:locale\" content=\"en_US\" \/>\n<meta property=\"og:type\" content=\"article\" \/>\n<meta property=\"og:title\" content=\"EnergyCircle Interreg BSR project - Digitaleus\" \/>\n<meta property=\"og:description\" content=\"EnergyCircle is a project that meets the urgent need for long-term and sustainable energy planning in the Baltic Sea region. The project was launched in response to the uncertain global situation in 2022 and high energy prices. It follows the EU\u2019s goal of becoming more independent of external energy, and wants to move from short-term [&hellip;]\" \/>\n<meta property=\"og:url\" content=\"https:\/\/digitaleus.eu\/?page_id=912\" \/>\n<meta property=\"og:site_name\" content=\"Digitaleus\" \/>\n<meta property=\"article:publisher\" content=\"https:\/\/www.facebook.com\/Digitaleus-100380162379166\" \/>\n<meta property=\"article:modified_time\" content=\"2025-05-07T10:07:02+00:00\" \/>\n<meta property=\"og:image\" content=\"https:\/\/digitaleus.eu\/wp-content\/uploads\/2025\/05\/pexels-pixabay-207489.jpg\" \/>\n\t<meta property=\"og:image:width\" content=\"1920\" \/>\n\t<meta property=\"og:image:height\" content=\"1080\" \/>\n\t<meta property=\"og:image:type\" content=\"image\/jpeg\" \/>\n<meta name=\"twitter:card\" content=\"summary_large_image\" \/>\n<meta name=\"twitter:label1\" content=\"Est. reading time\" \/>\n\t<meta name=\"twitter:data1\" content=\"2 minutes\" \/>\n<script type=\"application\/ld+json\" class=\"yoast-schema-graph\">{\"@context\":\"https:\\\/\\\/schema.org\",\"@graph\":[{\"@type\":\"WebPage\",\"@id\":\"https:\\\/\\\/digitaleus.eu\\\/?page_id=912\",\"url\":\"https:\\\/\\\/digitaleus.eu\\\/?page_id=912\",\"name\":\"EnergyCircle Interreg BSR project - Digitaleus\",\"isPartOf\":{\"@id\":\"https:\\\/\\\/digitaleus.eu\\\/#website\"},\"primaryImageOfPage\":{\"@id\":\"https:\\\/\\\/digitaleus.eu\\\/?page_id=912#primaryimage\"},\"image\":{\"@id\":\"https:\\\/\\\/digitaleus.eu\\\/?page_id=912#primaryimage\"},\"thumbnailUrl\":\"https:\\\/\\\/digitaleus.eu\\\/wp-content\\\/uploads\\\/2025\\\/05\\\/pexels-pixabay-207489.jpg\",\"datePublished\":\"2025-05-07T09:53:55+00:00\",\"dateModified\":\"2025-05-07T10:07:02+00:00\",\"breadcrumb\":{\"@id\":\"https:\\\/\\\/digitaleus.eu\\\/?page_id=912#breadcrumb\"},\"inLanguage\":\"en-US\",\"potentialAction\":[{\"@type\":\"ReadAction\",\"target\":[\"https:\\\/\\\/digitaleus.eu\\\/?page_id=912\"]}]},{\"@type\":\"ImageObject\",\"inLanguage\":\"en-US\",\"@id\":\"https:\\\/\\\/digitaleus.eu\\\/?page_id=912#primaryimage\",\"url\":\"https:\\\/\\\/digitaleus.eu\\\/wp-content\\\/uploads\\\/2025\\\/05\\\/pexels-pixabay-207489.jpg\",\"contentUrl\":\"https:\\\/\\\/digitaleus.eu\\\/wp-content\\\/uploads\\\/2025\\\/05\\\/pexels-pixabay-207489.jpg\",\"width\":1920,\"height\":1080},{\"@type\":\"BreadcrumbList\",\"@id\":\"https:\\\/\\\/digitaleus.eu\\\/?page_id=912#breadcrumb\",\"itemListElement\":[{\"@type\":\"ListItem\",\"position\":1,\"name\":\"Home\",\"item\":\"https:\\\/\\\/digitaleus.eu\\\/\"},{\"@type\":\"ListItem\",\"position\":2,\"name\":\"EnergyCircle Interreg BSR project\"}]},{\"@type\":\"WebSite\",\"@id\":\"https:\\\/\\\/digitaleus.eu\\\/#website\",\"url\":\"https:\\\/\\\/digitaleus.eu\\\/\",\"name\":\"Digitaleus\",\"description\":\"Knowledge provider\",\"publisher\":{\"@id\":\"https:\\\/\\\/digitaleus.eu\\\/#organization\"},\"potentialAction\":[{\"@type\":\"SearchAction\",\"target\":{\"@type\":\"EntryPoint\",\"urlTemplate\":\"https:\\\/\\\/digitaleus.eu\\\/?s={search_term_string}\"},\"query-input\":{\"@type\":\"PropertyValueSpecification\",\"valueRequired\":true,\"valueName\":\"search_term_string\"}}],\"inLanguage\":\"en-US\"},{\"@type\":\"Organization\",\"@id\":\"https:\\\/\\\/digitaleus.eu\\\/#organization\",\"name\":\"Digitaleus\",\"url\":\"https:\\\/\\\/digitaleus.eu\\\/\",\"logo\":{\"@type\":\"ImageObject\",\"inLanguage\":\"en-US\",\"@id\":\"https:\\\/\\\/digitaleus.eu\\\/#\\\/schema\\\/logo\\\/image\\\/\",\"url\":\"https:\\\/\\\/digitaleus.eu\\\/wp-content\\\/uploads\\\/2021\\\/07\\\/cropped-high-res-color-1.png\",\"contentUrl\":\"https:\\\/\\\/digitaleus.eu\\\/wp-content\\\/uploads\\\/2021\\\/07\\\/cropped-high-res-color-1.png\",\"width\":2827,\"height\":722,\"caption\":\"Digitaleus\"},\"image\":{\"@id\":\"https:\\\/\\\/digitaleus.eu\\\/#\\\/schema\\\/logo\\\/image\\\/\"},\"sameAs\":[\"https:\\\/\\\/www.facebook.com\\\/Digitaleus-100380162379166\"]}]}<\/script>\n<!-- \/ Yoast SEO plugin. -->","yoast_head_json":{"title":"EnergyCircle Interreg BSR project - Digitaleus","robots":{"index":"index","follow":"follow","max-snippet":"max-snippet:-1","max-image-preview":"max-image-preview:large","max-video-preview":"max-video-preview:-1"},"canonical":"https:\/\/digitaleus.eu\/?page_id=912","og_locale":"en_US","og_type":"article","og_title":"EnergyCircle Interreg BSR project - Digitaleus","og_description":"EnergyCircle is a project that meets the urgent need for long-term and sustainable energy planning in the Baltic Sea region. The project was launched in response to the uncertain global situation in 2022 and high energy prices. It follows the EU\u2019s goal of becoming more independent of external energy, and wants to move from short-term [&hellip;]","og_url":"https:\/\/digitaleus.eu\/?page_id=912","og_site_name":"Digitaleus","article_publisher":"https:\/\/www.facebook.com\/Digitaleus-100380162379166","article_modified_time":"2025-05-07T10:07:02+00:00","og_image":[{"width":1920,"height":1080,"url":"https:\/\/digitaleus.eu\/wp-content\/uploads\/2025\/05\/pexels-pixabay-207489.jpg","type":"image\/jpeg"}],"twitter_card":"summary_large_image","twitter_misc":{"Est. reading time":"2 minutes"},"schema":{"@context":"https:\/\/schema.org","@graph":[{"@type":"WebPage","@id":"https:\/\/digitaleus.eu\/?page_id=912","url":"https:\/\/digitaleus.eu\/?page_id=912","name":"EnergyCircle Interreg BSR project - Digitaleus","isPartOf":{"@id":"https:\/\/digitaleus.eu\/#website"},"primaryImageOfPage":{"@id":"https:\/\/digitaleus.eu\/?page_id=912#primaryimage"},"image":{"@id":"https:\/\/digitaleus.eu\/?page_id=912#primaryimage"},"thumbnailUrl":"https:\/\/digitaleus.eu\/wp-content\/uploads\/2025\/05\/pexels-pixabay-207489.jpg","datePublished":"2025-05-07T09:53:55+00:00","dateModified":"2025-05-07T10:07:02+00:00","breadcrumb":{"@id":"https:\/\/digitaleus.eu\/?page_id=912#breadcrumb"},"inLanguage":"en-US","potentialAction":[{"@type":"ReadAction","target":["https:\/\/digitaleus.eu\/?page_id=912"]}]},{"@type":"ImageObject","inLanguage":"en-US","@id":"https:\/\/digitaleus.eu\/?page_id=912#primaryimage","url":"https:\/\/digitaleus.eu\/wp-content\/uploads\/2025\/05\/pexels-pixabay-207489.jpg","contentUrl":"https:\/\/digitaleus.eu\/wp-content\/uploads\/2025\/05\/pexels-pixabay-207489.jpg","width":1920,"height":1080},{"@type":"BreadcrumbList","@id":"https:\/\/digitaleus.eu\/?page_id=912#breadcrumb","itemListElement":[{"@type":"ListItem","position":1,"name":"Home","item":"https:\/\/digitaleus.eu\/"},{"@type":"ListItem","position":2,"name":"EnergyCircle Interreg BSR project"}]},{"@type":"WebSite","@id":"https:\/\/digitaleus.eu\/#website","url":"https:\/\/digitaleus.eu\/","name":"Digitaleus","description":"Knowledge provider","publisher":{"@id":"https:\/\/digitaleus.eu\/#organization"},"potentialAction":[{"@type":"SearchAction","target":{"@type":"EntryPoint","urlTemplate":"https:\/\/digitaleus.eu\/?s={search_term_string}"},"query-input":{"@type":"PropertyValueSpecification","valueRequired":true,"valueName":"search_term_string"}}],"inLanguage":"en-US"},{"@type":"Organization","@id":"https:\/\/digitaleus.eu\/#organization","name":"Digitaleus","url":"https:\/\/digitaleus.eu\/","logo":{"@type":"ImageObject","inLanguage":"en-US","@id":"https:\/\/digitaleus.eu\/#\/schema\/logo\/image\/","url":"https:\/\/digitaleus.eu\/wp-content\/uploads\/2021\/07\/cropped-high-res-color-1.png","contentUrl":"https:\/\/digitaleus.eu\/wp-content\/uploads\/2021\/07\/cropped-high-res-color-1.png","width":2827,"height":722,"caption":"Digitaleus"},"image":{"@id":"https:\/\/digitaleus.eu\/#\/schema\/logo\/image\/"},"sameAs":["https:\/\/www.facebook.com\/Digitaleus-100380162379166"]}]}},"_links":{"self":[{"href":"https:\/\/digitaleus.eu\/index.php?rest_route=\/wp\/v2\/pages\/912","targetHints":{"allow":["GET"]}}],"collection":[{"href":"https:\/\/digitaleus.eu\/index.php?rest_route=\/wp\/v2\/pages"}],"about":[{"href":"https:\/\/digitaleus.eu\/index.php?rest_route=\/wp\/v2\/types\/page"}],"author":[{"embeddable":true,"href":"https:\/\/digitaleus.eu\/index.php?rest_route=\/wp\/v2\/users\/1"}],"replies":[{"embeddable":true,"href":"https:\/\/digitaleus.eu\/index.php?rest_route=%2Fwp%2Fv2%2Fcomments&post=912"}],"version-history":[{"count":7,"href":"https:\/\/digitaleus.eu\/index.php?rest_route=\/wp\/v2\/pages\/912\/revisions"}],"predecessor-version":[{"id":921,"href":"https:\/\/digitaleus.eu\/index.php?rest_route=\/wp\/v2\/pages\/912\/revisions\/921"}],"wp:featuredmedia":[{"embeddable":true,"href":"https:\/\/digitaleus.eu\/index.php?rest_route=\/wp\/v2\/media\/918"}],"wp:attachment":[{"href":"https:\/\/digitaleus.eu\/index.php?rest_route=%2Fwp%2Fv2%2Fmedia&parent=912"}],"curies":[{"name":"wp","href":"https:\/\/api.w.org\/{rel}","templated":true}]}}